{"id":3070,"date":"2024-07-18T17:29:06","date_gmt":"2024-07-18T15:29:06","guid":{"rendered":"https:\/\/itinerari.visitbergamo.net\/home\/"},"modified":"2025-06-11T11:50:24","modified_gmt":"2025-06-11T09:50:24","slug":"home","status":"publish","type":"page","link":"https:\/\/itinerari.visitbergamo.net\/es\/","title":{"rendered":"Home"},"content":{"rendered":"\n<div class=\"wp-block-group home-banner-wrapper is-layout-constrained wp-block-group-is-layout-constrained\">\n<figure class=\"wp-block-gallery has-nested-images columns-default is-cropped home-banner wp-block-gallery-1 is-layout-flex wp-block-gallery-is-layout-flex\">\n<figure class=\"wp-block-image size-large\"><img loading=\"lazy\" decoding=\"async\" width=\"1024\" height=\"264\" data-id=\"3253\" src=\"https:\/\/itinerari.visitbergamo.net\/wp-content\/uploads\/2025\/06\/Group-1000004453-1024x264.png\" alt=\"\" class=\"wp-image-3253\" srcset=\"https:\/\/itinerari.visitbergamo.net\/wp-content\/uploads\/2025\/06\/Group-1000004453-1024x264.png 1024w, https:\/\/itinerari.visitbergamo.net\/wp-content\/uploads\/2025\/06\/Group-1000004453-300x77.png 300w, https:\/\/itinerari.visitbergamo.net\/wp-content\/uploads\/2025\/06\/Group-1000004453-768x198.png 768w, https:\/\/itinerari.visitbergamo.net\/wp-content\/uploads\/2025\/06\/Group-1000004453-1536x396.png 1536w, https:\/\/itinerari.visitbergamo.net\/wp-content\/uploads\/2025\/06\/Group-1000004453.png 1694w\" sizes=\"auto, (max-width: 1024px) 100vw, 1024px\" \/><\/figure>\n<\/figure>\n\n\n\n<div class=\"wp-block-group home-title-box-wrapper is-layout-constrained wp-container-core-group-is-layout-3 wp-block-group-is-layout-constrained\">\n<div class=\"wp-block-group home-title-box is-layout-constrained wp-container-core-group-is-layout-2 wp-block-group-is-layout-constrained\" style=\"padding-right:15px;padding-left:15px\">\n<div class=\"wp-block-group is-layout-constrained wp-container-core-group-is-layout-1 wp-block-group-is-layout-constrained\">\n<h2 class=\"wp-block-heading\">Explora B\u00e9rgamo<\/h2>\n\n\n\n<h3 class=\"wp-block-heading\">con estos 4 itinerarios imperdibles<\/h3>\n\n\n\n<p>Un viaje a trav\u00e9s de monumentos hist\u00f3ricos, rincones pintorescos y la exuberante naturaleza de la ciudad, con cuatro rutas que cuentan milenios de historia.<\/p>\n<\/div>\n<\/div>\n<\/div>\n<\/div>\n\n\n<div class=\"container\"><div class=\"iti-lists\"><div class=\"iti-item\"><div class=\"iti-item-top\"><div class=\"item-overlay\" style=\"background: linear-gradient(to bottom, rgba(255, 211, 1, 0.2) 0%, rgb(255,211,1) 100%) 0%\n    0% no-repeat padding-box;\"> <\/div><img decoding=\"async\" class=\"iti-thumbnail\" src=\"https:\/\/itinerari.visitbergamo.net\/wp-content\/uploads\/2023\/04\/bgMap2.jpg\"\/><div class=\"iti-num\" style=\"background-color: rgb(255,211,1); color:rgb(10,10,10);\"> <span class=\"num\">1<\/span> <span class=\"text\">itinerario<\/span> <\/div><h3 class=\"iti-title\" style=\"color: rgb(10,10,10)\">La milla de la belleza<\/h3><img decoding=\"async\" class=\"iti-map\" src=\"https:\/\/itinerari.visitbergamo.net\/wp-content\/uploads\/2023\/04\/miglio.png\"\/><\/div><div class=\"iti-item-bottom\"><div class=\"iti-item-lightbg\" style=\"background-color: rgb(255,232,159);\"> <\/div><p class=\"iti-desc\">El itinerario creado para celebrar B\u00e9rgamo-Brescia como Capital de la Cultura 2023: s\u00edgalo y l\u00e1ncese a descubrir los monumentos m\u00e1s representativos de la ciudad.<\/p><div class=\"iti-desc-flex\"><div class=\"iti-distanza\"><div class=\"iti-distanza-flex\"><i class=\"fa-solid fa-arrow-right\"><\/i><span>2,5 km&nbsp;<small>Longitud<\/small><\/span><\/div><div class=\"iti-distanza-flex\"><i class=\"fa-regular fa-clock\"><\/i><span>1:10 h&nbsp;<small>t\u00e9rmino<\/small><\/span><\/div><\/div><a class=\"iti-link\" href=https:\/\/itinerari.visitbergamo.net\/es\/la-milla-de-la-belleza\/ >Ir al itinerario<\/a><\/div><\/div><\/div><div class=\"iti-item\"><div class=\"iti-item-top\"><div class=\"item-overlay\" style=\"background: linear-gradient(to bottom, rgba(225, 7, 23, 0.2) 0%, rgb(225,7,23) 100%) 0%\n    0% no-repeat padding-box;\"> <\/div><img decoding=\"async\" class=\"iti-thumbnail\" src=\"https:\/\/itinerari.visitbergamo.net\/wp-content\/uploads\/2023\/04\/bgMap2.jpg\"\/><div class=\"iti-num\" style=\"background-color: rgb(225,7,23); color:#fff;\"> <span class=\"num\">2<\/span> <span class=\"text\">itinerario<\/span> <\/div><h3 class=\"iti-title\" style=\"color: #fff\">Coraz\u00f3n de la \r\nCiudad Baja<\/h3><img decoding=\"async\" class=\"iti-map\" src=\"https:\/\/itinerari.visitbergamo.net\/wp-content\/uploads\/2023\/04\/cuore.png\"\/><\/div><div class=\"iti-item-bottom\"><div class=\"iti-item-lightbg\" style=\"background-color: rgb(242,152,123);\"> <\/div><p class=\"iti-desc\">El itinerario que le mostrar\u00e1 mil facetas de la parte m\u00e1s moderna de B\u00e9rgamo. Le esperan horas de ocio a trav\u00e9s de barrios post-Novecento, calles comerciales y villas renacentistas suspendidas entre el Barroco y el Neoclasicismo.<\/p><div class=\"iti-desc-flex\"><div class=\"iti-distanza\"><div class=\"iti-distanza-flex\"><i class=\"fa-solid fa-arrow-right\"><\/i><span>4,3 km&nbsp;<small>Longitud<\/small><\/span><\/div><div class=\"iti-distanza-flex\"><i class=\"fa-regular fa-clock\"><\/i><span>1:30 h&nbsp;<small>t\u00e9rmino<\/small><\/span><\/div><\/div><a class=\"iti-link\" href=https:\/\/itinerari.visitbergamo.net\/es\/corazon-de-la-ciudad-baja\/ >Ir al itinerario<\/a><\/div><\/div><\/div><div class=\"iti-item\"><div class=\"iti-item-top\"><div class=\"item-overlay\" style=\"background: linear-gradient(to bottom, rgba(57, 168, 53, 0.2) 0%, rgb(57,168,53) 100%) 0%\n    0% no-repeat padding-box;\"> <\/div><img decoding=\"async\" class=\"iti-thumbnail\" src=\"https:\/\/itinerari.visitbergamo.net\/wp-content\/uploads\/2023\/04\/bgMap2.jpg\"\/><div class=\"iti-num\" style=\"background-color: rgb(57,168,53); color:#fff;\"> <span class=\"num\">3<\/span> <span class=\"text\">itinerario<\/span> <\/div><h3 class=\"iti-title\" style=\"color: #fff\">La Ciudad\r\nVerde<\/h3><img decoding=\"async\" class=\"iti-map\" src=\"https:\/\/itinerari.visitbergamo.net\/wp-content\/uploads\/2023\/04\/verde.png\"\/><\/div><div class=\"iti-item-bottom\"><div class=\"iti-item-lightbg\" style=\"background-color: rgb(176,211,152);\"> <\/div><p class=\"iti-desc\"> El itinerario que te descubre el lado naturalista de B\u00e9rgamo en una emocionante ruta circular, a lo largo de la cual encontrar\u00e1s vistas impresionantes, bellezas hist\u00f3ricas y lugares casi secretos, como las escaleras medievales.<\/p><div class=\"iti-desc-flex\"><div class=\"iti-distanza\"><div class=\"iti-distanza-flex\"><i class=\"fa-solid fa-arrow-right\"><\/i><span>5,4 km&nbsp;<small>Longitud<\/small><\/span><\/div><div class=\"iti-distanza-flex\"><i class=\"fa-regular fa-clock\"><\/i><span>1:50 h&nbsp;<small>t\u00e9rmino<\/small><\/span><\/div><\/div><a class=\"iti-link\" href=https:\/\/itinerari.visitbergamo.net\/es\/la-ciudad-verde\/ >Ir al itinerario<\/a><\/div><\/div><\/div><div class=\"iti-item\"><div class=\"iti-item-top\"><div class=\"item-overlay\" style=\"background: linear-gradient(to bottom, rgba(7, 91, 162, 0.2) 0%, rgb(7,91,162) 100%) 0%\n    0% no-repeat padding-box;\"> <\/div><img decoding=\"async\" class=\"iti-thumbnail\" src=\"https:\/\/itinerari.visitbergamo.net\/wp-content\/uploads\/2023\/04\/bgMap2.jpg\"\/><div class=\"iti-num\" style=\"background-color: rgb(7,91,162); color:#fff;\"> <span class=\"num\">4<\/span> <span class=\"text\">itinerario<\/span> <\/div><h3 class=\"iti-title\" style=\"color: #fff\">Los secretos de las murallas<\/h3><img decoding=\"async\" class=\"iti-map\" src=\"https:\/\/itinerari.visitbergamo.net\/wp-content\/uploads\/2023\/04\/segreti.png\"\/><\/div><div class=\"iti-item-bottom\"><div class=\"iti-item-lightbg\" style=\"background-color: rgb(137,164,213);\"> <\/div><p class=\"iti-desc\">El itinerario que le gu\u00eda al descubrimiento de las majestuosas murallas de la ciudad construidas en el siglo XVI por Venecia para defender B\u00e9rgamo, patrimonio de la UNESCO rico en historia, peculiaridades y joyas ocultas.<\/p><div class=\"iti-desc-flex\"><div class=\"iti-distanza\"><div class=\"iti-distanza-flex\"><i class=\"fa-solid fa-arrow-right\"><\/i><span>5,1 km&nbsp;<small>Longitud<\/small><\/span><\/div><div class=\"iti-distanza-flex\"><i class=\"fa-regular fa-clock\"><\/i><span>1:40 h &nbsp;<small>t\u00e9rmino<\/small><\/span><\/div><\/div><a class=\"iti-link\" href=https:\/\/itinerari.visitbergamo.net\/es\/los-secretos-de-las-murallas\/ >Ir al itinerario<\/a><\/div><\/div><\/div><\/div><\/div>\n","protected":false},"excerpt":{"rendered":"<p>Explora B\u00e9rgamo con estos 4 itinerarios imperdibles Un viaje a trav\u00e9s de monumentos hist\u00f3ricos, rincones pintorescos y la exuberante naturaleza de la ciudad, con cuatro rutas que cuentan milenios de historia.<\/p>\n","protected":false},"author":1,"featured_media":0,"parent":0,"menu_order":0,"comment_status":"closed","ping_status":"closed","template":"wp-custom-template-homepage","meta":{"footnotes":""},"class_list":["post-3070","page","type-page","status-publish","hentry"],"acf":[],"_links":{"self":[{"href":"https:\/\/itinerari.visitbergamo.net\/es\/wp-json\/wp\/v2\/pages\/3070","targetHints":{"allow":["GET"]}}],"collection":[{"href":"https:\/\/itinerari.visitbergamo.net\/es\/wp-json\/wp\/v2\/pages"}],"about":[{"href":"https:\/\/itinerari.visitbergamo.net\/es\/wp-json\/wp\/v2\/types\/page"}],"author":[{"embeddable":true,"href":"https:\/\/itinerari.visitbergamo.net\/es\/wp-json\/wp\/v2\/users\/1"}],"replies":[{"embeddable":true,"href":"https:\/\/itinerari.visitbergamo.net\/es\/wp-json\/wp\/v2\/comments?post=3070"}],"version-history":[{"count":0,"href":"https:\/\/itinerari.visitbergamo.net\/es\/wp-json\/wp\/v2\/pages\/3070\/revisions"}],"wp:attachment":[{"href":"https:\/\/itinerari.visitbergamo.net\/es\/wp-json\/wp\/v2\/media?parent=3070"}],"curies":[{"name":"wp","href":"https:\/\/api.w.org\/{rel}","templated":true}]}}